{"id":84,"date":"2020-09-28T21:24:22","date_gmt":"2020-09-28T19:24:22","guid":{"rendered":"https:\/\/gatien-wierez.com\/?page_id=84"},"modified":"2024-02-04T10:48:32","modified_gmt":"2024-02-04T09:48:32","slug":"conferences","status":"publish","type":"page","link":"https:\/\/gatien-wierez.com\/index.php\/conferences\/","title":{"rendered":"Conf\u00e9rences"},"content":{"rendered":"\t\t<div data-elementor-type=\"wp-page\" data-elementor-id=\"84\" class=\"elementor elementor-84\">\n\t\t\t\t\t\t<section class=\"elementor-section elementor-top-section elementor-element elementor-element-ec9e336 elementor-section-boxed elementor-section-height-default elementor-section-height-default\" data-id=\"ec9e336\" data-element_type=\"section\" data-e-type=\"section\">\n\t\t\t\t\t\t<div class=\"elementor-container elementor-column-gap-default\">\n\t\t\t\t\t<div class=\"elementor-column elementor-col-100 elementor-top-column elementor-element elementor-element-f98b196\" data-id=\"f98b196\" data-element_type=\"column\" data-e-type=\"column\">\n\t\t\t<div class=\"elementor-widget-wrap elementor-element-populated\">\n\t\t\t\t\t\t<div class=\"elementor-element elementor-element-5611778 elementor-widget elementor-widget-text-editor\" data-id=\"5611778\" data-element_type=\"widget\" data-e-type=\"widget\" data-widget_type=\"text-editor.default\">\n\t\t\t\t<div class=\"elementor-widget-container\">\n\t\t\t\t\t\t\t\t\t<h1>Conf\u00e9rences<\/h1>\t\t\t\t\t\t\t\t<\/div>\n\t\t\t\t<\/div>\n\t\t\t\t<section class=\"elementor-section elementor-inner-section elementor-element elementor-element-99a1cca elementor-section-boxed elementor-section-height-default elementor-section-height-default\" data-id=\"99a1cca\" data-element_type=\"section\" data-e-type=\"section\">\n\t\t\t\t\t\t<div class=\"elementor-container elementor-column-gap-default\">\n\t\t\t\t\t<div class=\"elementor-column elementor-col-50 elementor-inner-column elementor-element elementor-element-bbdac25\" data-id=\"bbdac25\" data-element_type=\"column\" data-e-type=\"column\">\n\t\t\t<div class=\"elementor-widget-wrap elementor-element-populated\">\n\t\t\t\t\t\t<div class=\"elementor-element elementor-element-96752e6 elementor-widget elementor-widget-text-editor\" data-id=\"96752e6\" data-element_type=\"widget\" data-e-type=\"widget\" data-widget_type=\"text-editor.default\">\n\t\t\t\t<div class=\"elementor-widget-container\">\n\t\t\t\t\t\t\t\t\t<p>Quoi de mieux pour partager sa passion et ses connaissances que d\u2019animer des conf\u00e9rences\u00a0? C\u2019est ce que s\u2019\u00e9vertue \u00e0 faire Gatien WIEREZ dans divers lieux et divers sujets, mais toujours avec le plus grand enthousiasme.<\/p><p>Parmi les conf\u00e9rences que Gatien WIEREZ a d\u00e9j\u00e0 anim\u00e9es\u00a0:<\/p><ul><li>La mort de Louis XIV<\/li><li>La construction de la citadelle d&rsquo;Arras<\/li><li>L\u2019affaire du collier : Marie-Antoinette dans la tourmente<\/li><li>Le patrimoine naturel de la citadelle d\u2019Arras : de sa construction \u00e0 nos jours<\/li><li>Les Thierry de Ville d\u2019Avray : un couple au service de Louis XVI et Marie-Antoinette<\/li><\/ul><div>Cycle de conf\u00e9rences \u00e0 l&rsquo;H\u00f4tel de la Marine (Paris) septembre-d\u00e9cembre 2023:<\/div><div><ul><li>L&rsquo;histoire du Garde-meuble de la Couronne<\/li><li>Les intendants Fontanieu et Thierry de Ville d&rsquo;Avray<\/li><li>Une journ\u00e9e au Garde-meuble<\/li><li>Les collections royales expos\u00e9es place Louis XV<\/li><\/ul><\/div>\t\t\t\t\t\t\t\t<\/div>\n\t\t\t\t<\/div>\n\t\t\t\t\t<\/div>\n\t\t<\/div>\n\t\t\t\t<div class=\"elementor-column elementor-col-50 elementor-inner-column elementor-element elementor-element-5429076\" data-id=\"5429076\" data-element_type=\"column\" data-e-type=\"column\">\n\t\t\t<div class=\"elementor-widget-wrap elementor-element-populated\">\n\t\t\t\t\t\t<div class=\"elementor-element elementor-element-0c96d11 elementor-widget elementor-widget-image\" data-id=\"0c96d11\" data-element_type=\"widget\" data-e-type=\"widget\" data-widget_type=\"image.default\">\n\t\t\t\t<div class=\"elementor-widget-container\">\n\t\t\t\t\t\t\t\t\t\t\t\t\t\t\t<img fetchpriority=\"high\" decoding=\"async\" width=\"225\" height=\"300\" src=\"https:\/\/gatien-wierez.com\/wp-content\/uploads\/2020\/09\/GW01-225x300.jpg\" class=\"attachment-medium size-medium wp-image-103\" alt=\"GW01\" srcset=\"https:\/\/gatien-wierez.com\/wp-content\/uploads\/2020\/09\/GW01-225x300.jpg 225w, https:\/\/gatien-wierez.com\/wp-content\/uploads\/2020\/09\/GW01.jpg 563w\" sizes=\"(max-width: 225px) 100vw, 225px\" \/>\t\t\t\t\t\t\t\t\t\t\t\t\t\t\t<\/div>\n\t\t\t\t<\/div>\n\t\t\t\t\t<\/div>\n\t\t<\/div>\n\t\t\t\t\t<\/div>\n\t\t<\/section>\n\t\t\t\t<div class=\"elementor-element elementor-element-f6c44e4 elementor-widget elementor-widget-image\" data-id=\"f6c44e4\" data-element_type=\"widget\" data-e-type=\"widget\" data-widget_type=\"image.default\">\n\t\t\t\t<div class=\"elementor-widget-container\">\n\t\t\t\t\t\t\t\t\t\t\t\t\t\t\t<img decoding=\"async\" width=\"1000\" height=\"635\" src=\"https:\/\/gatien-wierez.com\/wp-content\/uploads\/2023\/12\/ConferenceHDM.jpg\" class=\"attachment-large size-large wp-image-1272\" alt=\"ConferenceHDM\" srcset=\"https:\/\/gatien-wierez.com\/wp-content\/uploads\/2023\/12\/ConferenceHDM.jpg 1000w, https:\/\/gatien-wierez.com\/wp-content\/uploads\/2023\/12\/ConferenceHDM-300x191.jpg 300w, https:\/\/gatien-wierez.com\/wp-content\/uploads\/2023\/12\/ConferenceHDM-768x488.jpg 768w\" sizes=\"(max-width: 1000px) 100vw, 1000px\" \/>\t\t\t\t\t\t\t\t\t\t\t\t\t\t\t<\/div>\n\t\t\t\t<\/div>\n\t\t\t\t\t<\/div>\n\t\t<\/div>\n\t\t\t\t\t<\/div>\n\t\t<\/section>\n\t\t\t\t<section class=\"elementor-section elementor-top-section elementor-element elementor-element-665c2b7 elementor-section-boxed elementor-section-height-default elementor-section-height-default\" data-id=\"665c2b7\" data-element_type=\"section\" data-e-type=\"section\">\n\t\t\t\t\t\t<div class=\"elementor-container elementor-column-gap-default\">\n\t\t\t\t\t<div class=\"elementor-column elementor-col-100 elementor-top-column elementor-element elementor-element-ab1a53f\" data-id=\"ab1a53f\" data-element_type=\"column\" data-e-type=\"column\">\n\t\t\t<div class=\"elementor-widget-wrap elementor-element-populated\">\n\t\t\t\t\t\t<div class=\"elementor-element elementor-element-0f56c70 elementor-widget elementor-widget-video\" data-id=\"0f56c70\" data-element_type=\"widget\" data-e-type=\"widget\" data-settings=\"{&quot;youtube_url&quot;:&quot;https:\\\/\\\/www.youtube.com\\\/watch?v=xWzMh-FCQ_g&quot;,&quot;video_type&quot;:&quot;youtube&quot;,&quot;controls&quot;:&quot;yes&quot;}\" data-widget_type=\"video.default\">\n\t\t\t\t<div class=\"elementor-widget-container\">\n\t\t\t\t\t\t\t<div class=\"elementor-wrapper elementor-open-inline\">\n\t\t\t<div class=\"elementor-video\"><\/div>\t\t<\/div>\n\t\t\t\t\t\t<\/div>\n\t\t\t\t<\/div>\n\t\t\t\t<div class=\"elementor-element elementor-element-666aadf elementor-widget elementor-widget-video\" data-id=\"666aadf\" data-element_type=\"widget\" data-e-type=\"widget\" data-settings=\"{&quot;youtube_url&quot;:&quot;https:\\\/\\\/www.youtube.com\\\/watch?v=bXdopAPfVn0&quot;,&quot;video_type&quot;:&quot;youtube&quot;,&quot;controls&quot;:&quot;yes&quot;}\" data-widget_type=\"video.default\">\n\t\t\t\t<div class=\"elementor-widget-container\">\n\t\t\t\t\t\t\t<div class=\"elementor-wrapper elementor-open-inline\">\n\t\t\t<div class=\"elementor-video\"><\/div>\t\t<\/div>\n\t\t\t\t\t\t<\/div>\n\t\t\t\t<\/div>\n\t\t\t\t\t<\/div>\n\t\t<\/div>\n\t\t\t\t\t<\/div>\n\t\t<\/section>\n\t\t\t\t<\/div>\n\t\t","protected":false},"excerpt":{"rendered":"<p>Conf\u00e9rences Quoi de mieux pour partager sa passion et ses connaissances que d\u2019animer des conf\u00e9rences\u00a0? C\u2019est ce que s\u2019\u00e9vertue \u00e0 faire Gatien WIEREZ dans divers lieux et divers sujets, mais toujours avec le plus grand enthousiasme. Parmi les conf\u00e9rences que Gatien WIEREZ a d\u00e9j\u00e0 anim\u00e9es\u00a0: La mort de Louis XIV La construction de la citadelle&#8230;<\/p>\n","protected":false},"author":1,"featured_media":0,"parent":0,"menu_order":0,"comment_status":"closed","ping_status":"closed","template":"","meta":{"_kadence_starter_templates_imported_post":false,"_kad_post_transparent":"","_kad_post_title":"hide","_kad_post_layout":"fullwidth","_kad_post_sidebar_id":"","_kad_post_content_style":"unboxed","_kad_post_vertical_padding":"hide","_kad_post_feature":"hide","_kad_post_feature_position":"","_kad_post_header":false,"_kad_post_footer":false,"_kad_post_classname":"","slim_seo":{"title":"Conf\u00e9rences - Gatien WIEREZ","description":"Conf\u00e9rences Quoi de mieux pour partager sa passion et ses connaissances que d\u2019animer des conf\u00e9rences\u00a0? C\u2019est ce que s\u2019\u00e9vertue \u00e0 faire Gatien WIEREZ dans divers"},"footnotes":""},"class_list":["post-84","page","type-page","status-publish","hentry"],"_links":{"self":[{"href":"https:\/\/gatien-wierez.com\/index.php\/wp-json\/wp\/v2\/pages\/84","targetHints":{"allow":["GET"]}}],"collection":[{"href":"https:\/\/gatien-wierez.com\/index.php\/wp-json\/wp\/v2\/pages"}],"about":[{"href":"https:\/\/gatien-wierez.com\/index.php\/wp-json\/wp\/v2\/types\/page"}],"author":[{"embeddable":true,"href":"https:\/\/gatien-wierez.com\/index.php\/wp-json\/wp\/v2\/users\/1"}],"replies":[{"embeddable":true,"href":"https:\/\/gatien-wierez.com\/index.php\/wp-json\/wp\/v2\/comments?post=84"}],"version-history":[{"count":9,"href":"https:\/\/gatien-wierez.com\/index.php\/wp-json\/wp\/v2\/pages\/84\/revisions"}],"predecessor-version":[{"id":1278,"href":"https:\/\/gatien-wierez.com\/index.php\/wp-json\/wp\/v2\/pages\/84\/revisions\/1278"}],"wp:attachment":[{"href":"https:\/\/gatien-wierez.com\/index.php\/wp-json\/wp\/v2\/media?parent=84"}],"curies":[{"name":"wp","href":"https:\/\/api.w.org\/{rel}","templated":true}]}}