{"id":230,"date":"2022-01-13T11:54:53","date_gmt":"2022-01-13T10:54:53","guid":{"rendered":"https:\/\/gatien-wierez.com\/?page_id=230"},"modified":"2025-02-25T18:18:33","modified_gmt":"2025-02-25T17:18:33","slug":"un-jour-dete","status":"publish","type":"page","link":"https:\/\/gatien-wierez.com\/index.php\/publications\/un-jour-dete\/","title":{"rendered":"Un jour d&rsquo;\u00e9t\u00e9"},"content":{"rendered":"\t\t<div data-elementor-type=\"wp-page\" data-elementor-id=\"230\" class=\"elementor elementor-230\">\n\t\t\t\t\t\t<section class=\"elementor-section elementor-top-section elementor-element elementor-element-bb11d6e elementor-section-boxed elementor-section-height-default elementor-section-height-default\" data-id=\"bb11d6e\" data-element_type=\"section\" data-e-type=\"section\">\n\t\t\t\t\t\t<div class=\"elementor-container elementor-column-gap-default\">\n\t\t\t\t\t<div class=\"elementor-column elementor-col-100 elementor-top-column elementor-element elementor-element-9f231d9\" data-id=\"9f231d9\" data-element_type=\"column\" data-e-type=\"column\">\n\t\t\t<div class=\"elementor-widget-wrap elementor-element-populated\">\n\t\t\t\t\t\t<div class=\"elementor-element elementor-element-93a9747 elementor-widget__width-inherit e-transform e-transform elementor-widget elementor-widget-heading\" data-id=\"93a9747\" data-element_type=\"widget\" data-e-type=\"widget\" data-settings=\"{&quot;_transform_translateX_effect&quot;:{&quot;unit&quot;:&quot;px&quot;,&quot;size&quot;:0,&quot;sizes&quot;:[]},&quot;_transform_translateY_effect&quot;:{&quot;unit&quot;:&quot;px&quot;,&quot;size&quot;:0,&quot;sizes&quot;:[]},&quot;_transform_skewX_effect&quot;:{&quot;unit&quot;:&quot;px&quot;,&quot;size&quot;:0,&quot;sizes&quot;:[]},&quot;_transform_translateX_effect_laptop&quot;:{&quot;unit&quot;:&quot;px&quot;,&quot;size&quot;:&quot;&quot;,&quot;sizes&quot;:[]},&quot;_transform_translateX_effect_tablet&quot;:{&quot;unit&quot;:&quot;px&quot;,&quot;size&quot;:&quot;&quot;,&quot;sizes&quot;:[]},&quot;_transform_translateX_effect_mobile&quot;:{&quot;unit&quot;:&quot;px&quot;,&quot;size&quot;:&quot;&quot;,&quot;sizes&quot;:[]},&quot;_transform_translateY_effect_laptop&quot;:{&quot;unit&quot;:&quot;px&quot;,&quot;size&quot;:&quot;&quot;,&quot;sizes&quot;:[]},&quot;_transform_translateY_effect_tablet&quot;:{&quot;unit&quot;:&quot;px&quot;,&quot;size&quot;:&quot;&quot;,&quot;sizes&quot;:[]},&quot;_transform_translateY_effect_mobile&quot;:{&quot;unit&quot;:&quot;px&quot;,&quot;size&quot;:&quot;&quot;,&quot;sizes&quot;:[]},&quot;_transform_skewX_effect_laptop&quot;:{&quot;unit&quot;:&quot;deg&quot;,&quot;size&quot;:&quot;&quot;,&quot;sizes&quot;:[]},&quot;_transform_skewX_effect_tablet&quot;:{&quot;unit&quot;:&quot;deg&quot;,&quot;size&quot;:&quot;&quot;,&quot;sizes&quot;:[]},&quot;_transform_skewX_effect_mobile&quot;:{&quot;unit&quot;:&quot;deg&quot;,&quot;size&quot;:&quot;&quot;,&quot;sizes&quot;:[]},&quot;_transform_skewY_effect&quot;:{&quot;unit&quot;:&quot;px&quot;,&quot;size&quot;:&quot;&quot;,&quot;sizes&quot;:[]},&quot;_transform_skewY_effect_laptop&quot;:{&quot;unit&quot;:&quot;deg&quot;,&quot;size&quot;:&quot;&quot;,&quot;sizes&quot;:[]},&quot;_transform_skewY_effect_tablet&quot;:{&quot;unit&quot;:&quot;deg&quot;,&quot;size&quot;:&quot;&quot;,&quot;sizes&quot;:[]},&quot;_transform_skewY_effect_mobile&quot;:{&quot;unit&quot;:&quot;deg&quot;,&quot;size&quot;:&quot;&quot;,&quot;sizes&quot;:[]}}\" data-widget_type=\"heading.default\">\n\t\t\t\t<div class=\"elementor-widget-container\">\n\t\t\t\t\t<h2 class=\"elementor-heading-title elementor-size-default\">Un jour d'\u00e9t\u00e9 au<\/h2>\t\t\t\t<\/div>\n\t\t\t\t<\/div>\n\t\t\t\t<div class=\"elementor-element elementor-element-8dd01cb elementor-widget__width-inherit e-transform e-transform elementor-widget elementor-widget-heading\" data-id=\"8dd01cb\" data-element_type=\"widget\" data-e-type=\"widget\" data-settings=\"{&quot;_transform_translateX_effect&quot;:{&quot;unit&quot;:&quot;px&quot;,&quot;size&quot;:0,&quot;sizes&quot;:[]},&quot;_transform_translateY_effect&quot;:{&quot;unit&quot;:&quot;px&quot;,&quot;size&quot;:0,&quot;sizes&quot;:[]},&quot;_transform_skewX_effect&quot;:{&quot;unit&quot;:&quot;px&quot;,&quot;size&quot;:0,&quot;sizes&quot;:[]},&quot;_transform_translateX_effect_laptop&quot;:{&quot;unit&quot;:&quot;px&quot;,&quot;size&quot;:&quot;&quot;,&quot;sizes&quot;:[]},&quot;_transform_translateX_effect_tablet&quot;:{&quot;unit&quot;:&quot;px&quot;,&quot;size&quot;:&quot;&quot;,&quot;sizes&quot;:[]},&quot;_transform_translateX_effect_mobile&quot;:{&quot;unit&quot;:&quot;px&quot;,&quot;size&quot;:&quot;&quot;,&quot;sizes&quot;:[]},&quot;_transform_translateY_effect_laptop&quot;:{&quot;unit&quot;:&quot;px&quot;,&quot;size&quot;:&quot;&quot;,&quot;sizes&quot;:[]},&quot;_transform_translateY_effect_tablet&quot;:{&quot;unit&quot;:&quot;px&quot;,&quot;size&quot;:&quot;&quot;,&quot;sizes&quot;:[]},&quot;_transform_translateY_effect_mobile&quot;:{&quot;unit&quot;:&quot;px&quot;,&quot;size&quot;:&quot;&quot;,&quot;sizes&quot;:[]},&quot;_transform_skewX_effect_laptop&quot;:{&quot;unit&quot;:&quot;deg&quot;,&quot;size&quot;:&quot;&quot;,&quot;sizes&quot;:[]},&quot;_transform_skewX_effect_tablet&quot;:{&quot;unit&quot;:&quot;deg&quot;,&quot;size&quot;:&quot;&quot;,&quot;sizes&quot;:[]},&quot;_transform_skewX_effect_mobile&quot;:{&quot;unit&quot;:&quot;deg&quot;,&quot;size&quot;:&quot;&quot;,&quot;sizes&quot;:[]},&quot;_transform_skewY_effect&quot;:{&quot;unit&quot;:&quot;px&quot;,&quot;size&quot;:&quot;&quot;,&quot;sizes&quot;:[]},&quot;_transform_skewY_effect_laptop&quot;:{&quot;unit&quot;:&quot;deg&quot;,&quot;size&quot;:&quot;&quot;,&quot;sizes&quot;:[]},&quot;_transform_skewY_effect_tablet&quot;:{&quot;unit&quot;:&quot;deg&quot;,&quot;size&quot;:&quot;&quot;,&quot;sizes&quot;:[]},&quot;_transform_skewY_effect_mobile&quot;:{&quot;unit&quot;:&quot;deg&quot;,&quot;size&quot;:&quot;&quot;,&quot;sizes&quot;:[]}}\" data-widget_type=\"heading.default\">\n\t\t\t\t<div class=\"elementor-widget-container\">\n\t\t\t\t\t<h2 class=\"elementor-heading-title elementor-size-default\">Garde-Meuble de la Couronne<\/h2>\t\t\t\t<\/div>\n\t\t\t\t<\/div>\n\t\t\t\t\t<\/div>\n\t\t<\/div>\n\t\t\t\t\t<\/div>\n\t\t<\/section>\n\t\t\t\t<section class=\"elementor-section elementor-top-section elementor-element elementor-element-5a44f55 elementor-section-boxed elementor-section-height-default elementor-section-height-default\" data-id=\"5a44f55\" data-element_type=\"section\" data-e-type=\"section\">\n\t\t\t\t\t\t<div class=\"elementor-container elementor-column-gap-default\">\n\t\t\t\t\t<div class=\"elementor-column elementor-col-50 elementor-top-column elementor-element elementor-element-23aeda9\" data-id=\"23aeda9\" data-element_type=\"column\" data-e-type=\"column\">\n\t\t\t<div class=\"elementor-widget-wrap elementor-element-populated\">\n\t\t\t\t\t\t<div class=\"elementor-element elementor-element-3fe8dba elementor-widget elementor-widget-heading\" data-id=\"3fe8dba\" data-element_type=\"widget\" data-e-type=\"widget\" data-widget_type=\"heading.default\">\n\t\t\t\t<div class=\"elementor-widget-container\">\n\t\t\t\t\t<h2 class=\"elementor-heading-title elementor-size-default\">Agn\u00e8s WALCH, Gatien WIEREZ, Guillaume de LAUBIER (PHOTOGRAPHIE)<\/h2>\t\t\t\t<\/div>\n\t\t\t\t<\/div>\n\t\t\t\t<div class=\"elementor-element elementor-element-a2df95c elementor-widget elementor-widget-heading\" data-id=\"a2df95c\" data-element_type=\"widget\" data-e-type=\"widget\" data-widget_type=\"heading.default\">\n\t\t\t\t<div class=\"elementor-widget-container\">\n\t\t\t\t\t<h2 class=\"elementor-heading-title elementor-size-default\">Editions Du Patrimoine \/\/ 21 Octobre 2021<\/h2>\t\t\t\t<\/div>\n\t\t\t\t<\/div>\n\t\t\t\t\t<\/div>\n\t\t<\/div>\n\t\t\t\t<div class=\"elementor-column elementor-col-50 elementor-top-column elementor-element elementor-element-62ead43\" data-id=\"62ead43\" data-element_type=\"column\" data-e-type=\"column\">\n\t\t\t<div class=\"elementor-widget-wrap elementor-element-populated\">\n\t\t\t\t\t\t<div class=\"elementor-element elementor-element-cea9323 elementor-widget elementor-widget-image\" data-id=\"cea9323\" data-element_type=\"widget\" data-e-type=\"widget\" data-widget_type=\"image.default\">\n\t\t\t\t<div class=\"elementor-widget-container\">\n\t\t\t\t\t\t\t\t\t\t\t\t\t\t\t<img fetchpriority=\"high\" decoding=\"async\" width=\"347\" height=\"500\" src=\"https:\/\/gatien-wierez.com\/wp-content\/uploads\/2022\/01\/couv_JEGMC_RectoVerso_hd.jpg\" class=\"attachment-large size-large wp-image-226\" alt=\"Couv JEGMC RectoVerso hd\" srcset=\"https:\/\/gatien-wierez.com\/wp-content\/uploads\/2022\/01\/couv_JEGMC_RectoVerso_hd.jpg 347w, https:\/\/gatien-wierez.com\/wp-content\/uploads\/2022\/01\/couv_JEGMC_RectoVerso_hd-208x300.jpg 208w\" sizes=\"(max-width: 347px) 100vw, 347px\" \/>\t\t\t\t\t\t\t\t\t\t\t\t\t\t\t<\/div>\n\t\t\t\t<\/div>\n\t\t\t\t\t<\/div>\n\t\t<\/div>\n\t\t\t\t\t<\/div>\n\t\t<\/section>\n\t\t\t\t<section class=\"elementor-section elementor-top-section elementor-element elementor-element-a3753d3 elementor-section-boxed elementor-section-height-default elementor-section-height-default\" data-id=\"a3753d3\" data-element_type=\"section\" data-e-type=\"section\">\n\t\t\t\t\t\t<div class=\"elementor-container elementor-column-gap-default\">\n\t\t\t\t\t<div class=\"elementor-column elementor-col-33 elementor-top-column elementor-element elementor-element-6f3ea7b\" data-id=\"6f3ea7b\" data-element_type=\"column\" data-e-type=\"column\">\n\t\t\t<div class=\"elementor-widget-wrap elementor-element-populated\">\n\t\t\t\t\t\t<div class=\"elementor-element elementor-element-2f003bf elementor-widget elementor-widget-image\" data-id=\"2f003bf\" data-element_type=\"widget\" data-e-type=\"widget\" data-widget_type=\"image.default\">\n\t\t\t\t<div class=\"elementor-widget-container\">\n\t\t\t\t\t\t\t\t\t\t\t\t\t\t\t<img decoding=\"async\" width=\"522\" height=\"750\" src=\"https:\/\/gatien-wierez.com\/wp-content\/uploads\/2022\/01\/couv_JEGMC_RectoVerso_hd-2.jpg\" class=\"attachment-large size-large wp-image-225\" alt=\"Couv JEGMC RectoVerso hd\" srcset=\"https:\/\/gatien-wierez.com\/wp-content\/uploads\/2022\/01\/couv_JEGMC_RectoVerso_hd-2.jpg 522w, https:\/\/gatien-wierez.com\/wp-content\/uploads\/2022\/01\/couv_JEGMC_RectoVerso_hd-2-209x300.jpg 209w\" sizes=\"(max-width: 522px) 100vw, 522px\" \/>\t\t\t\t\t\t\t\t\t\t\t\t\t\t\t<\/div>\n\t\t\t\t<\/div>\n\t\t\t\t\t<\/div>\n\t\t<\/div>\n\t\t\t\t<div class=\"elementor-column elementor-col-66 elementor-top-column elementor-element elementor-element-e1f5965\" data-id=\"e1f5965\" data-element_type=\"column\" data-e-type=\"column\">\n\t\t\t<div class=\"elementor-widget-wrap elementor-element-populated\">\n\t\t\t\t\t\t<div class=\"elementor-element elementor-element-119bc5f elementor-widget elementor-widget-text-editor\" data-id=\"119bc5f\" data-element_type=\"widget\" data-e-type=\"widget\" data-widget_type=\"text-editor.default\">\n\t\t\t\t<div class=\"elementor-widget-container\">\n\t\t\t\t\t\t\t\t\t<p>24 heures de la vie d&rsquo;une institution royale \u00e0 la veille de la R\u00e9volution, des ateliers jusqu&rsquo;au boudoir de l&rsquo;\u00e9pouse de l&rsquo;intendant du Garde-Meuble de la Couronne&#8230;<\/p><p>Entre 1772 et 1789, l&rsquo;actuel h\u00f4tel de la Marine, construit par l&rsquo;architecte Gabriel, \u00e9tait occup\u00e9 par l&rsquo;une des plus prestigieuses institutions d&rsquo;\u00c9tat : le Garde-Meuble de la Couronne ; vitrine du go\u00fbt fran\u00e7ais, il avait \u00e9t\u00e9 \u00e9rig\u00e9 pour abriter et entretenir les collections royales de mobilier et de joyaux. M. de Ville d&rsquo;Avray, son intendant, y logeait et ses appartements n&rsquo;avaient rien \u00e0 envier aux plus beaux int\u00e9rieurs de Versailles. Ce fastueux \u00e9difice, situ\u00e9 sur la place Louis XV &#8211; aujourd&rsquo;hui place de la Concorde &#8211; h\u00e9bergeait \u00e9galement celles et ceux qui en \u00e9taient les artisans, les gardiens et les conservateurs.<\/p><p>Rythm\u00e9 par les photographies exclusives de Guillaume de Laubier, l&rsquo;ouvrage propose de partager vingt-quatre heures des hommes et des femmes, de l&rsquo;intendant aux ling\u00e8res, qui le faisaient vivre et qui l&rsquo;occupaient.<\/p><p>De 5 heures (le jour se l\u00e8ve sur Paris) \u00e0 23 heures (le portier effectue sa derni\u00e8re tourn\u00e9e), mais aussi la salle de bains avec eau chaude de M. de Ville d&rsquo;Avray (8h), tapissiers, ling\u00e8res et artisans \u00e0 l&rsquo;oeuvre (12h), l&rsquo;art culinaire fran\u00e7ais (14h), \u00eatre \u00e0 la mode (17h)&#8230;<\/p><p>Le lecteur y d\u00e9couvrira le fonctionnement de l&rsquo;institution, mais aussi le quotidien de tous ses habitants, tr\u00e8s divers selon leur rang. Le r\u00e9cit enlev\u00e9 et passionnant est enrichi de contextualisations sur les m\u0153urs de l&rsquo;\u00e9poque, sur la vie parisienne de ceux qui travaillent et de ceux qui s&rsquo;amusent, ainsi que sur les tendances et les d\u00e9couvertes d&rsquo;un si\u00e8cle si contrast\u00e9.<\/p>\t\t\t\t\t\t\t\t<\/div>\n\t\t\t\t<\/div>\n\t\t\t\t\t<\/div>\n\t\t<\/div>\n\t\t\t\t\t<\/div>\n\t\t<\/section>\n\t\t\t\t<section class=\"elementor-section elementor-top-section elementor-element elementor-element-c977d37 elementor-section-boxed elementor-section-height-default elementor-section-height-default\" data-id=\"c977d37\" data-element_type=\"section\" data-e-type=\"section\">\n\t\t\t\t\t\t<div class=\"elementor-container elementor-column-gap-default\">\n\t\t\t\t\t<div class=\"elementor-column elementor-col-66 elementor-top-column elementor-element elementor-element-c8b15ce\" data-id=\"c8b15ce\" data-element_type=\"column\" data-e-type=\"column\">\n\t\t\t<div class=\"elementor-widget-wrap elementor-element-populated\">\n\t\t\t\t\t\t<div class=\"elementor-element elementor-element-747b368 elementor-widget elementor-widget-text-editor\" data-id=\"747b368\" data-element_type=\"widget\" data-e-type=\"widget\" data-widget_type=\"text-editor.default\">\n\t\t\t\t<div class=\"elementor-widget-container\">\n\t\t\t\t\t\t\t\t\t<p>\u00ab Dans leur ouvrage \u00ab\u00a0Un jour d&rsquo;\u00e9t\u00e9 au Garde-Meuble de la Couronne\u00a0\u00bb, Agn\u00e8s Walch et Gatien Wierez ont eu la judicieuse id\u00e9e de convier les visiteurs \u00e0 passer une journ\u00e9e dans les ann\u00e9es 1780 aupr\u00e8s des personnels du Garde-Meuble. Ainsi, de cinq heures du matin \u00e0 minuit pass\u00e9, chaque heure qui s\u2019\u00e9coule permet de prendre la mesure de l\u2019inlassable activit\u00e9 qui r\u00e9gnait dans le vaste quadrilat\u00e8re de 12 000 m\u00e8tres carr\u00e9s. L\u2019H\u00f4tel de la Marine est alors une ville dans la ville&#8230; \u00bb<\/p><p>Article du vendredi 4 f\u00e9vrier 2022 dans <em>l&rsquo;Histoire<\/em><\/p><p>\u00a0<\/p><p><a href=\"https:\/\/www.lhistoire.fr\/l%E2%80%99h%C3%B4tel-de-la-marine-retrouv%C3%A9?fbclid=IwAR2FXwzGaJSg-zxzuqQgqwcnXIqn9UQltybTX65U3KhL_qRQXp3pTlK0GOE\" target=\"_blank\" rel=\"noopener\">Lire l&rsquo;article<\/a><\/p>\t\t\t\t\t\t\t\t<\/div>\n\t\t\t\t<\/div>\n\t\t\t\t\t<\/div>\n\t\t<\/div>\n\t\t\t\t<div class=\"elementor-column elementor-col-33 elementor-top-column elementor-element elementor-element-48ab489\" data-id=\"48ab489\" data-element_type=\"column\" data-e-type=\"column\">\n\t\t\t<div class=\"elementor-widget-wrap\">\n\t\t\t\t\t\t\t<\/div>\n\t\t<\/div>\n\t\t\t\t\t<\/div>\n\t\t<\/section>\n\t\t\t\t<section class=\"elementor-section elementor-top-section elementor-element elementor-element-d92e483 elementor-section-boxed elementor-section-height-default elementor-section-height-default\" data-id=\"d92e483\" data-element_type=\"section\" data-e-type=\"section\">\n\t\t\t\t\t\t<div class=\"elementor-container elementor-column-gap-default\">\n\t\t\t\t\t<div class=\"elementor-column elementor-col-33 elementor-top-column elementor-element elementor-element-135d8da\" data-id=\"135d8da\" data-element_type=\"column\" data-e-type=\"column\">\n\t\t\t<div class=\"elementor-widget-wrap elementor-element-populated\">\n\t\t\t\t\t\t<div class=\"elementor-element elementor-element-0b9054b elementor-widget elementor-widget-text-editor\" data-id=\"0b9054b\" data-element_type=\"widget\" data-e-type=\"widget\" data-widget_type=\"text-editor.default\">\n\t\t\t\t<div class=\"elementor-widget-container\">\n\t\t\t\t\t\t\t\t\t<h3>Suivre l&rsquo;\u00e9mission sp\u00e9ciale de la cha\u00eene YouTube pour la pr\u00e9sentation du livre<\/h3>\t\t\t\t\t\t\t\t<\/div>\n\t\t\t\t<\/div>\n\t\t\t\t\t<\/div>\n\t\t<\/div>\n\t\t\t\t<div class=\"elementor-column elementor-col-33 elementor-top-column elementor-element elementor-element-e192a85\" data-id=\"e192a85\" data-element_type=\"column\" data-e-type=\"column\">\n\t\t\t<div class=\"elementor-widget-wrap elementor-element-populated\">\n\t\t\t\t\t\t<div class=\"elementor-element elementor-element-fc141ff elementor-widget elementor-widget-video\" data-id=\"fc141ff\" data-element_type=\"widget\" data-e-type=\"widget\" data-settings=\"{&quot;youtube_url&quot;:&quot;https:\\\/\\\/www.youtube.com\\\/watch?v=u6HX_GDjHEM&quot;,&quot;video_type&quot;:&quot;youtube&quot;,&quot;controls&quot;:&quot;yes&quot;}\" data-widget_type=\"video.default\">\n\t\t\t\t<div class=\"elementor-widget-container\">\n\t\t\t\t\t\t\t<div class=\"elementor-wrapper elementor-open-inline\">\n\t\t\t<div class=\"elementor-video\"><\/div>\t\t<\/div>\n\t\t\t\t\t\t<\/div>\n\t\t\t\t<\/div>\n\t\t\t\t\t<\/div>\n\t\t<\/div>\n\t\t\t\t<div class=\"elementor-column elementor-col-33 elementor-top-column elementor-element elementor-element-93894ac\" data-id=\"93894ac\" data-element_type=\"column\" data-e-type=\"column\">\n\t\t\t<div class=\"elementor-widget-wrap elementor-element-populated\">\n\t\t\t\t\t\t<div class=\"elementor-element elementor-element-172c09a elementor-align-center elementor-widget elementor-widget-button\" data-id=\"172c09a\" data-element_type=\"widget\" data-e-type=\"widget\" data-widget_type=\"button.default\">\n\t\t\t\t<div class=\"elementor-widget-container\">\n\t\t\t\t\t\t\t\t\t<div class=\"elementor-button-wrapper\">\n\t\t\t\t\t<a class=\"elementor-button elementor-button-link elementor-size-sm\" href=\"https:\/\/www.amazon.fr\/Une-journ%C3%A9e-Garde-meuble-Agnes-Walch\/dp\/2757707051\">\n\t\t\t\t\t\t<span class=\"elementor-button-content-wrapper\">\n\t\t\t\t\t\t\t\t\t<span class=\"elementor-button-text\">Se procurer le livre?<\/span>\n\t\t\t\t\t<\/span>\n\t\t\t\t\t<\/a>\n\t\t\t\t<\/div>\n\t\t\t\t\t\t\t\t<\/div>\n\t\t\t\t<\/div>\n\t\t\t\t\t<\/div>\n\t\t<\/div>\n\t\t\t\t\t<\/div>\n\t\t<\/section>\n\t\t\t\t<section class=\"elementor-section elementor-top-section elementor-element elementor-element-185ef5c elementor-section-boxed elementor-section-height-default elementor-section-height-default\" data-id=\"185ef5c\" data-element_type=\"section\" data-e-type=\"section\">\n\t\t\t\t\t\t<div class=\"elementor-container elementor-column-gap-default\">\n\t\t\t\t\t<div class=\"elementor-column elementor-col-100 elementor-top-column elementor-element elementor-element-463a701\" data-id=\"463a701\" data-element_type=\"column\" data-e-type=\"column\">\n\t\t\t<div class=\"elementor-widget-wrap elementor-element-populated\">\n\t\t\t\t\t\t<div class=\"elementor-element elementor-element-337816f elementor-arrows-position-inside elementor-pagination-position-outside elementor-widget elementor-widget-image-carousel\" data-id=\"337816f\" data-element_type=\"widget\" data-e-type=\"widget\" data-settings=\"{&quot;slides_to_show&quot;:&quot;2&quot;,&quot;navigation&quot;:&quot;both&quot;,&quot;autoplay&quot;:&quot;yes&quot;,&quot;pause_on_hover&quot;:&quot;yes&quot;,&quot;pause_on_interaction&quot;:&quot;yes&quot;,&quot;autoplay_speed&quot;:5000,&quot;infinite&quot;:&quot;yes&quot;,&quot;speed&quot;:500}\" data-widget_type=\"image-carousel.default\">\n\t\t\t\t<div class=\"elementor-widget-container\">\n\t\t\t\t\t\t\t<div class=\"elementor-image-carousel-wrapper swiper\" role=\"region\" aria-roledescription=\"carousel\" aria-label=\"Carrousel d\u2019images\" dir=\"ltr\">\n\t\t\t<div class=\"elementor-image-carousel swiper-wrapper swiper-image-stretch\" aria-live=\"off\">\n\t\t\t\t\t\t\t\t<div class=\"swiper-slide\" role=\"group\" aria-roledescription=\"slide\" aria-label=\"1 sur 2\"><figure class=\"swiper-slide-inner\"><img decoding=\"async\" class=\"swiper-slide-image\" src=\"https:\/\/gatien-wierez.com\/wp-content\/uploads\/2022\/01\/Extrait-livre-1.jpg\" alt=\"Extrait-livre-1\" \/><\/figure><\/div><div class=\"swiper-slide\" role=\"group\" aria-roledescription=\"slide\" aria-label=\"2 sur 2\"><figure class=\"swiper-slide-inner\"><img decoding=\"async\" class=\"swiper-slide-image\" src=\"https:\/\/gatien-wierez.com\/wp-content\/uploads\/2022\/01\/Extrait-livre-2.jpg\" alt=\"Extrait-livre-2\" \/><\/figure><\/div>\t\t\t<\/div>\n\t\t\t\t\t\t\t\t\t\t\t\t<div class=\"elementor-swiper-button elementor-swiper-button-prev\" role=\"button\" tabindex=\"0\">\n\t\t\t\t\t\t<i aria-hidden=\"true\" class=\"eicon-chevron-left\"><\/i>\t\t\t\t\t<\/div>\n\t\t\t\t\t<div class=\"elementor-swiper-button elementor-swiper-button-next\" role=\"button\" tabindex=\"0\">\n\t\t\t\t\t\t<i aria-hidden=\"true\" class=\"eicon-chevron-right\"><\/i>\t\t\t\t\t<\/div>\n\t\t\t\t\n\t\t\t\t\t\t\t\t\t<div class=\"swiper-pagination\"><\/div>\n\t\t\t\t\t\t\t\t\t<\/div>\n\t\t\t\t\t\t<\/div>\n\t\t\t\t<\/div>\n\t\t\t\t\t<\/div>\n\t\t<\/div>\n\t\t\t\t\t<\/div>\n\t\t<\/section>\n\t\t\t\t<\/div>\n\t\t","protected":false},"excerpt":{"rendered":"<p>Un jour d&rsquo;\u00e9t\u00e9 au Garde-Meuble de la Couronne Agn\u00e8s WALCH, Gatien WIEREZ, Guillaume de LAUBIER (PHOTOGRAPHIE) Editions Du Patrimoine \/\/ 21 Octobre 2021 24 heures de la vie d&rsquo;une institution royale \u00e0 la veille de la R\u00e9volution, des ateliers jusqu&rsquo;au boudoir de l&rsquo;\u00e9pouse de l&rsquo;intendant du Garde-Meuble de la Couronne&#8230; Entre 1772 et 1789, l&rsquo;actuel&#8230;<\/p>\n","protected":false},"author":1,"featured_media":226,"parent":130,"menu_order":0,"comment_status":"closed","ping_status":"closed","template":"","meta":{"_kadence_starter_templates_imported_post":false,"_kad_post_transparent":"default","_kad_post_title":"hide","_kad_post_layout":"fullwidth","_kad_post_sidebar_id":"","_kad_post_content_style":"unboxed","_kad_post_vertical_padding":"hide","_kad_post_feature":"hide","_kad_post_feature_position":"","_kad_post_header":false,"_kad_post_footer":false,"_kad_post_classname":"","slim_seo":{"title":"Un jour d'\u00e9t\u00e9 - Gatien WIEREZ","description":"Un jour d'\u00e9t\u00e9 au Garde-Meuble de la Couronne Agn\u00e8s WALCH, Gatien WIEREZ, Guillaume de LAUBIER (PHOTOGRAPHIE) Editions Du Patrimoine \/\/ 21 Octobre 2021 24 heures"},"footnotes":""},"class_list":["post-230","page","type-page","status-publish","has-post-thumbnail","hentry"],"_links":{"self":[{"href":"https:\/\/gatien-wierez.com\/index.php\/wp-json\/wp\/v2\/pages\/230","targetHints":{"allow":["GET"]}}],"collection":[{"href":"https:\/\/gatien-wierez.com\/index.php\/wp-json\/wp\/v2\/pages"}],"about":[{"href":"https:\/\/gatien-wierez.com\/index.php\/wp-json\/wp\/v2\/types\/page"}],"author":[{"embeddable":true,"href":"https:\/\/gatien-wierez.com\/index.php\/wp-json\/wp\/v2\/users\/1"}],"replies":[{"embeddable":true,"href":"https:\/\/gatien-wierez.com\/index.php\/wp-json\/wp\/v2\/comments?post=230"}],"version-history":[{"count":41,"href":"https:\/\/gatien-wierez.com\/index.php\/wp-json\/wp\/v2\/pages\/230\/revisions"}],"predecessor-version":[{"id":1362,"href":"https:\/\/gatien-wierez.com\/index.php\/wp-json\/wp\/v2\/pages\/230\/revisions\/1362"}],"up":[{"embeddable":true,"href":"https:\/\/gatien-wierez.com\/index.php\/wp-json\/wp\/v2\/pages\/130"}],"wp:featuredmedia":[{"embeddable":true,"href":"https:\/\/gatien-wierez.com\/index.php\/wp-json\/wp\/v2\/media\/226"}],"wp:attachment":[{"href":"https:\/\/gatien-wierez.com\/index.php\/wp-json\/wp\/v2\/media?parent=230"}],"curies":[{"name":"wp","href":"https:\/\/api.w.org\/{rel}","templated":true}]}}