{"id":112,"date":"2020-09-29T21:49:23","date_gmt":"2020-09-29T19:49:23","guid":{"rendered":"https:\/\/gatien-wierez.com\/?page_id=112"},"modified":"2024-02-04T15:37:42","modified_gmt":"2024-02-04T14:37:42","slug":"mentions-legales","status":"publish","type":"page","link":"https:\/\/gatien-wierez.com\/index.php\/mentions-legales\/","title":{"rendered":"Mentions l\u00e9gales"},"content":{"rendered":"\t\t<div data-elementor-type=\"wp-page\" data-elementor-id=\"112\" class=\"elementor elementor-112\">\n\t\t\t\t\t\t<section class=\"elementor-section elementor-top-section elementor-element elementor-element-54cd954 elementor-section-boxed elementor-section-height-default elementor-section-height-default\" data-id=\"54cd954\" data-element_type=\"section\" data-e-type=\"section\">\n\t\t\t\t\t\t<div class=\"elementor-container elementor-column-gap-default\">\n\t\t\t\t\t<div class=\"elementor-column elementor-col-100 elementor-top-column elementor-element elementor-element-19cffc3\" data-id=\"19cffc3\" data-element_type=\"column\" data-e-type=\"column\">\n\t\t\t<div class=\"elementor-widget-wrap elementor-element-populated\">\n\t\t\t\t\t\t<div class=\"elementor-element elementor-element-6937d85 elementor-widget elementor-widget-text-editor\" data-id=\"6937d85\" data-element_type=\"widget\" data-e-type=\"widget\" data-widget_type=\"text-editor.default\">\n\t\t\t\t<div class=\"elementor-widget-container\">\n\t\t\t\t\t\t\t\t\t<h1 style=\"text-align: center;\">Mentions l\u00e9gales<\/h1><p style=\"text-align: center;\"><em>En vigueur au 29\/09\/2020<\/em><\/p><p>\u00a0<\/p><p>Conform\u00e9ment aux dispositions des Articles 6-III et 19 de la Loi n\u00b02004-575 du 21 juin 2004 pour la Confiance dans l\u2019\u00e9conomie num\u00e9rique, dite L.C.E.N., il est port\u00e9 \u00e0 la connaissance des Utilisateurs du site <em>gatien-wierez.com\u00a0<\/em>les pr\u00e9sentes mentions l\u00e9gales.<\/p><p>La connexion et la navigation sur le site gatien-wierez.com par l\u2019Utilisateur implique acceptation int\u00e9grale et sans r\u00e9serve des pr\u00e9sentes mentions l\u00e9gales.<\/p><p>Ces derni\u00e8res sont accessibles sur le site \u00e0 la rubrique \u00ab\u00a0Mentions l\u00e9gales\u00a0\u00bb.<\/p><p>\u00a0<\/p><h2>ARTICLE 1\u00a0: L\u2019\u00e9diteur<\/h2><p>L\u2019\u00e9dition et la direction de la publication du site gatien-wierez.com\u00a0est assur\u00e9e par WIEREZ Gatien, adresse e-mail wierez@gmail.com.<\/p><h2>\u00a0<\/h2><h2>ARTICLE 2\u00a0: L\u2019h\u00e9bergeur<\/h2><p>L&rsquo;h\u00e9bergeur du site gatien-wierez.com\u00a0est la Soci\u00e9t\u00e9 OVH, dont le si\u00e8ge social est situ\u00e9 au Roubaix.<\/p><h2>\u00a0<\/h2><h2>ARTICLE 3\u00a0: Acc\u00e8s au site<\/h2><p>Le site est accessible par tout endroit, 7j\/7, 24h\/24 sauf cas de force majeure, interruption programm\u00e9e ou non et pouvant d\u00e9coulant d\u2019une n\u00e9cessit\u00e9 de maintenance.<\/p><p>En cas de modification, interruption ou suspension des services le site <em>gatien-wierez.com\u00a0<\/em>ne saurait \u00eatre tenu responsable.<\/p><h2>\u00a0<\/h2><h2>ARTICLE 4\u00a0: Collecte des donn\u00e9es<\/h2><p>Le site est exempt\u00e9 de d\u00e9claration \u00e0 la Commission Nationale Informatique et Libert\u00e9s (CNIL) dans la mesure o\u00f9 il ne collecte aucune donn\u00e9e concernant les utilisateurs.<\/p><h2>\u00a0<\/h2><h2>ARTICLE 5\u00a0: Cookies<\/h2><p>L\u2019Utilisateur est inform\u00e9 que lors de ses visites sur le site, un cookie peut s\u2019installer automatiquement sur son logiciel de navigation.<\/p><p>En naviguant sur le site, il les accepte.<\/p><p>Un cookie est un \u00e9l\u00e9ment qui ne permet pas d\u2019identifier l\u2019Utilisateur mais sert \u00e0 enregistrer des informations relatives \u00e0 la navigation de celui-ci sur le site Internet. L\u2019Utilisateur pourra d\u00e9sactiver ce cookie par l\u2019interm\u00e9diaire des param\u00e8tres figurant au sein de son logiciel de navigation.<\/p><h2>\u00a0<\/h2><h2>ARTICLE 6\u00a0: Propri\u00e9t\u00e9 intellectuelle<\/h2><p>Toute utilisation, reproduction, diffusion, commercialisation, modification de toute ou partie du site <em>gatien-wierez.com<\/em>,\u00a0 sans autorisation de l\u2019\u00e9diteur est prohib\u00e9e et pourra entra\u00een\u00e9e des actions et poursuites judiciaires telles que notamment pr\u00e9vues par le Code de la propri\u00e9t\u00e9 intellectuelle et le Code civil.<\/p>\t\t\t\t\t\t\t\t<\/div>\n\t\t\t\t<\/div>\n\t\t\t\t\t<\/div>\n\t\t<\/div>\n\t\t\t\t\t<\/div>\n\t\t<\/section>\n\t\t\t\t<\/div>\n\t\t","protected":false},"excerpt":{"rendered":"<p>Mentions l\u00e9gales En vigueur au 29\/09\/2020 \u00a0 Conform\u00e9ment aux dispositions des Articles 6-III et 19 de la Loi n\u00b02004-575 du 21 juin 2004 pour la Confiance dans l\u2019\u00e9conomie num\u00e9rique, dite L.C.E.N., il est port\u00e9 \u00e0 la connaissance des Utilisateurs du site gatien-wierez.com\u00a0les pr\u00e9sentes mentions l\u00e9gales. La connexion et la navigation sur le site gatien-wierez.com par&#8230;<\/p>\n","protected":false},"author":1,"featured_media":0,"parent":0,"menu_order":0,"comment_status":"closed","ping_status":"closed","template":"","meta":{"_kadence_starter_templates_imported_post":false,"_kad_post_transparent":"","_kad_post_title":"hide","_kad_post_layout":"fullwidth","_kad_post_sidebar_id":"","_kad_post_content_style":"unboxed","_kad_post_vertical_padding":"hide","_kad_post_feature":"hide","_kad_post_feature_position":"","_kad_post_header":false,"_kad_post_footer":false,"_kad_post_classname":"","slim_seo":{"title":"Mentions l\u00e9gales - Gatien WIEREZ","description":"Mentions l\u00e9gales En vigueur au 29\/09\/2020 \u00a0 Conform\u00e9ment aux dispositions des Articles 6-III et 19 de la Loi n\u00b02004-575 du 21 juin 2004 pour la Confiance dans l"},"footnotes":""},"class_list":["post-112","page","type-page","status-publish","hentry"],"_links":{"self":[{"href":"https:\/\/gatien-wierez.com\/index.php\/wp-json\/wp\/v2\/pages\/112","targetHints":{"allow":["GET"]}}],"collection":[{"href":"https:\/\/gatien-wierez.com\/index.php\/wp-json\/wp\/v2\/pages"}],"about":[{"href":"https:\/\/gatien-wierez.com\/index.php\/wp-json\/wp\/v2\/types\/page"}],"author":[{"embeddable":true,"href":"https:\/\/gatien-wierez.com\/index.php\/wp-json\/wp\/v2\/users\/1"}],"replies":[{"embeddable":true,"href":"https:\/\/gatien-wierez.com\/index.php\/wp-json\/wp\/v2\/comments?post=112"}],"version-history":[{"count":5,"href":"https:\/\/gatien-wierez.com\/index.php\/wp-json\/wp\/v2\/pages\/112\/revisions"}],"predecessor-version":[{"id":1348,"href":"https:\/\/gatien-wierez.com\/index.php\/wp-json\/wp\/v2\/pages\/112\/revisions\/1348"}],"wp:attachment":[{"href":"https:\/\/gatien-wierez.com\/index.php\/wp-json\/wp\/v2\/media?parent=112"}],"curies":[{"name":"wp","href":"https:\/\/api.w.org\/{rel}","templated":true}]}}